{"id":775,"date":"2021-12-07T09:09:51","date_gmt":"2021-12-07T14:09:51","guid":{"rendered":"https:\/\/cartagoagency.com\/?post_type=product&#038;p=775"},"modified":"2024-12-08T13:08:39","modified_gmt":"2024-12-08T18:08:39","slug":"san-silvestre-en-barco","status":"publish","type":"product","link":"https:\/\/cartagoagency.com\/en\/product\/san-silvestre-en-barco\/","title":{"rendered":"Saint Sylvester by Boat"},"content":{"rendered":"<p><span style=\"color: #000000;\"><strong>Saint Sylvester<\/strong> the best party to say goodbye to the old year and what better way to celebrate it on our Bequia Eagle boat, a 4-hour tour of the bay of Cartagena<\/span><\/p>\n<p><span style=\"color: #000000;\">December 31st is one of the important dates not only for Christmas, but for the entire year. It is, of course, the tradition that most unites us all, whatever our beliefs or customs. After all, the desire to say goodbye to the year that is dying and welcome the new year is something that has always been part of all the cultures on the planet.<\/span><\/p>\n<ul>\n<li><span style=\"color: #339966;\"><a style=\"color: #339966;\" href=\"https:\/\/cartagoagency.com\/en\/product-category\/alquiler-de-botes-deportivos-en-cartagena\/\">Private sports boat rental to celebrate the new year<\/a><\/span><\/li>\n<\/ul>\n<p><span style=\"color: #000000;\">The most common ritual is to make a toast at 12:00 at night, which is usually accompanied by music, food, and the use of fireworks for both believers and non-believers. <strong>Saint Sylvester<\/strong> It is one of the largest and most unifying holidays in the world, as it coincides with a universal date: the New Year.<\/span><\/p>\n<p><span style=\"color: #000000;\"><strong>INCLUDES<\/strong><\/span><\/p>\n<ul>\n<li><span style=\"color: #000000;\">Welcome cocktail<\/span><\/li>\n<li><span style=\"color: #000000;\">Special opening presentation<\/span><\/li>\n<li><span style=\"color: #000000;\">4-hour tour of Cartagena Bay<\/span><\/li>\n<li><span style=\"color: #000000;\">Cheese board, grapes, apples<\/span><\/li>\n<li><span style=\"color: #000000;\">DJ and live entertainer<\/span><\/li>\n<li><span style=\"color: #000000;\">Dance ballet<\/span><\/li>\n<li><span style=\"color: #000000;\">Central special show<\/span><\/li>\n<li><span style=\"color: #000000;\">Contests and surprise prizes<\/span><\/li>\n<li><span style=\"color: #000000;\">Open bar of national liquors (brandy, rum and vodka, not beers) and drinks (soda and water served in glass)<\/span><\/li>\n<li><span style=\"color: #000000;\">Buffet dinner menu <strong>Saint Sylvester<\/strong><\/span><\/li>\n<li><span style=\"color: #000000;\">Champagne toast<\/span><\/li>\n<li><span style=\"color: #000000;\">Dock tax<\/span><\/li>\n<\/ul>","protected":false},"excerpt":{"rendered":"<p><span style=\"color: #000000;\">For reservations with full payment<\/span><\/p>\n<p><span style=\"color: #000000;\"><strong>Adults:<\/strong> <\/span><\/p>\n<ul>\n<li><span style=\"color: #000000;\">Pre-sale: <\/span><span style=\"color: #000000;\">until December 20 $420,000 (shared tables)\u00a0<\/span><\/li>\n<li>Sale: starting December 21st $450,000 <span style=\"color: #000000;\">(shared tables)\u00a0<\/span><\/li>\n<\/ul>\n<p><strong>Children 5 \u2013 10 years\u00a0<\/strong><\/p>\n<ul>\n<li><span style=\"color: #000000;\">Pre-sale: until December 20 $210,000 (shared tables)\u00a0<\/span><\/li>\n<li>Sale: starting December 21st $240,000 <span style=\"color: #000000;\">(shared tables)\u00a0<\/span><\/li>\n<\/ul>\n<div class=\"woocommerce-product-details__short-description\">\n<p><strong>Children 0 \u2013 4 years\u00a0 <\/strong>Free<\/p>\n<\/div>","protected":false},"featured_media":0,"comment_status":"open","ping_status":"closed","template":"","meta":{"_joinchat":[]},"product_brand":[],"product_cat":[73],"product_tag":[],"class_list":{"0":"post-775","1":"product","2":"type-product","3":"status-publish","5":"product_cat-cenas-fin-de-ano","7":"first","8":"instock","9":"virtual","10":"sold-individually","11":"purchasable","12":"product-type-booking"},"yoast_head":"<!-- This site is optimized with the Yoast SEO plugin v26.6 - https:\/\/yoast.com\/wordpress\/plugins\/seo\/ -->\n<title>San silvestre | Fiesta de fin de a\u00f1o | en Barco por la bahia<\/title>\n<meta name=\"description\" content=\"San Silvestre la mejor fiesta para despedir el a\u00f1o viejo y que mejor celebrarlo en nuestra embarcaci\u00f3n Bequia Eagle un recorrido de 4 horas por la bah\u00eda\" \/>\n<meta name=\"robots\" content=\"index, follow, max-snippet:-1, max-image-preview:large, max-video-preview:-1\" \/>\n<link rel=\"canonical\" href=\"https:\/\/cartagoagency.com\/en\/product\/san-silvestre-en-barco\/\" \/>\n<meta property=\"og:locale\" content=\"en_US\" \/>\n<meta property=\"og:type\" content=\"article\" \/>\n<meta property=\"og:title\" content=\"San silvestre | Fiesta de fin de a\u00f1o | en Barco por la bahia\" \/>\n<meta property=\"og:description\" content=\"San Silvestre la mejor fiesta para despedir el a\u00f1o viejo y que mejor celebrarlo en nuestra embarcaci\u00f3n Bequia Eagle un recorrido de 4 horas por la bah\u00eda\" \/>\n<meta property=\"og:url\" content=\"https:\/\/cartagoagency.com\/en\/product\/san-silvestre-en-barco\/\" \/>\n<meta property=\"og:site_name\" content=\"CartaGo Agency\" \/>\n<meta property=\"article:modified_time\" content=\"2024-12-08T18:08:39+00:00\" \/>\n<meta property=\"og:image\" content=\"https:\/\/cartagoagency.com\/wp-content\/uploads\/2024\/11\/Cena-San-Silvestre-cartagena-2024.jpg\" \/>\n\t<meta property=\"og:image:width\" content=\"1000\" \/>\n\t<meta property=\"og:image:height\" content=\"800\" \/>\n\t<meta property=\"og:image:type\" content=\"image\/jpeg\" \/>\n<meta name=\"twitter:card\" content=\"summary_large_image\" \/>\n<meta name=\"twitter:label1\" content=\"Est. reading time\" \/>\n\t<meta name=\"twitter:data1\" content=\"1 minute\" \/>\n<script type=\"application\/ld+json\" class=\"yoast-schema-graph\">{\"@context\":\"https:\/\/schema.org\",\"@graph\":[{\"@type\":\"WebPage\",\"@id\":\"https:\/\/cartagoagency.com\/producto\/san-silvestre-en-barco\/\",\"url\":\"https:\/\/cartagoagency.com\/producto\/san-silvestre-en-barco\/\",\"name\":\"San silvestre | Fiesta de fin de a\u00f1o | en Barco por la bahia\",\"isPartOf\":{\"@id\":\"https:\/\/cartagoagency.com\/#website\"},\"datePublished\":\"2021-12-07T14:09:51+00:00\",\"dateModified\":\"2024-12-08T18:08:39+00:00\",\"description\":\"San Silvestre la mejor fiesta para despedir el a\u00f1o viejo y que mejor celebrarlo en nuestra embarcaci\u00f3n Bequia Eagle un recorrido de 4 horas por la bah\u00eda\",\"breadcrumb\":{\"@id\":\"https:\/\/cartagoagency.com\/producto\/san-silvestre-en-barco\/#breadcrumb\"},\"inLanguage\":\"en-US\",\"potentialAction\":[{\"@type\":\"ReadAction\",\"target\":[\"https:\/\/cartagoagency.com\/producto\/san-silvestre-en-barco\/\"]}]},{\"@type\":\"BreadcrumbList\",\"@id\":\"https:\/\/cartagoagency.com\/producto\/san-silvestre-en-barco\/#breadcrumb\",\"itemListElement\":[{\"@type\":\"ListItem\",\"position\":1,\"name\":\"Home\",\"item\":\"https:\/\/cartagoagency.com\/\"},{\"@type\":\"ListItem\",\"position\":2,\"name\":\"Tienda\",\"item\":\"https:\/\/cartagoagency.com\/tienda\/\"},{\"@type\":\"ListItem\",\"position\":3,\"name\":\"San Silvestre en Barco\"}]},{\"@type\":\"WebSite\",\"@id\":\"https:\/\/cartagoagency.com\/#website\",\"url\":\"https:\/\/cartagoagency.com\/\",\"name\":\"CartaGo Agency\",\"description\":\"Agencia de turismo en Cartagena\",\"potentialAction\":[{\"@type\":\"SearchAction\",\"target\":{\"@type\":\"EntryPoint\",\"urlTemplate\":\"https:\/\/cartagoagency.com\/?s={search_term_string}\"},\"query-input\":{\"@type\":\"PropertyValueSpecification\",\"valueRequired\":true,\"valueName\":\"search_term_string\"}}],\"inLanguage\":\"en-US\"}]}<\/script>\n<!-- \/ Yoast SEO plugin. -->","yoast_head_json":{"title":"San silvestre | Fiesta de fin de a\u00f1o | en Barco por la bahia","description":"San Silvestre la mejor fiesta para despedir el a\u00f1o viejo y que mejor celebrarlo en nuestra embarcaci\u00f3n Bequia Eagle un recorrido de 4 horas por la bah\u00eda","robots":{"index":"index","follow":"follow","max-snippet":"max-snippet:-1","max-image-preview":"max-image-preview:large","max-video-preview":"max-video-preview:-1"},"canonical":"https:\/\/cartagoagency.com\/en\/product\/san-silvestre-en-barco\/","og_locale":"en_US","og_type":"article","og_title":"San silvestre | Fiesta de fin de a\u00f1o | en Barco por la bahia","og_description":"San Silvestre la mejor fiesta para despedir el a\u00f1o viejo y que mejor celebrarlo en nuestra embarcaci\u00f3n Bequia Eagle un recorrido de 4 horas por la bah\u00eda","og_url":"https:\/\/cartagoagency.com\/en\/product\/san-silvestre-en-barco\/","og_site_name":"CartaGo Agency","article_modified_time":"2024-12-08T18:08:39+00:00","og_image":[{"width":1000,"height":800,"url":"https:\/\/cartagoagency.com\/wp-content\/uploads\/2024\/11\/Cena-San-Silvestre-cartagena-2024.jpg","type":"image\/jpeg"}],"twitter_card":"summary_large_image","twitter_misc":{"Est. reading time":"1 minute"},"schema":{"@context":"https:\/\/schema.org","@graph":[{"@type":"WebPage","@id":"https:\/\/cartagoagency.com\/producto\/san-silvestre-en-barco\/","url":"https:\/\/cartagoagency.com\/producto\/san-silvestre-en-barco\/","name":"San silvestre | Fiesta de fin de a\u00f1o | en Barco por la bahia","isPartOf":{"@id":"https:\/\/cartagoagency.com\/#website"},"datePublished":"2021-12-07T14:09:51+00:00","dateModified":"2024-12-08T18:08:39+00:00","description":"San Silvestre la mejor fiesta para despedir el a\u00f1o viejo y que mejor celebrarlo en nuestra embarcaci\u00f3n Bequia Eagle un recorrido de 4 horas por la bah\u00eda","breadcrumb":{"@id":"https:\/\/cartagoagency.com\/producto\/san-silvestre-en-barco\/#breadcrumb"},"inLanguage":"en-US","potentialAction":[{"@type":"ReadAction","target":["https:\/\/cartagoagency.com\/producto\/san-silvestre-en-barco\/"]}]},{"@type":"BreadcrumbList","@id":"https:\/\/cartagoagency.com\/producto\/san-silvestre-en-barco\/#breadcrumb","itemListElement":[{"@type":"ListItem","position":1,"name":"Home","item":"https:\/\/cartagoagency.com\/"},{"@type":"ListItem","position":2,"name":"Tienda","item":"https:\/\/cartagoagency.com\/tienda\/"},{"@type":"ListItem","position":3,"name":"San Silvestre en Barco"}]},{"@type":"WebSite","@id":"https:\/\/cartagoagency.com\/#website","url":"https:\/\/cartagoagency.com\/","name":"CartaGo Agency","description":"Tourism agency in Cartagena","potentialAction":[{"@type":"SearchAction","target":{"@type":"EntryPoint","urlTemplate":"https:\/\/cartagoagency.com\/?s={search_term_string}"},"query-input":{"@type":"PropertyValueSpecification","valueRequired":true,"valueName":"search_term_string"}}],"inLanguage":"en-US"}]}},"_links":{"self":[{"href":"https:\/\/cartagoagency.com\/en\/wp-json\/wp\/v2\/product\/775","targetHints":{"allow":["GET"]}}],"collection":[{"href":"https:\/\/cartagoagency.com\/en\/wp-json\/wp\/v2\/product"}],"about":[{"href":"https:\/\/cartagoagency.com\/en\/wp-json\/wp\/v2\/types\/product"}],"replies":[{"embeddable":true,"href":"https:\/\/cartagoagency.com\/en\/wp-json\/wp\/v2\/comments?post=775"}],"wp:attachment":[{"href":"https:\/\/cartagoagency.com\/en\/wp-json\/wp\/v2\/media?parent=775"}],"wp:term":[{"taxonomy":"product_brand","embeddable":true,"href":"https:\/\/cartagoagency.com\/en\/wp-json\/wp\/v2\/product_brand?post=775"},{"taxonomy":"product_cat","embeddable":true,"href":"https:\/\/cartagoagency.com\/en\/wp-json\/wp\/v2\/product_cat?post=775"},{"taxonomy":"product_tag","embeddable":true,"href":"https:\/\/cartagoagency.com\/en\/wp-json\/wp\/v2\/product_tag?post=775"}],"curies":[{"name":"wp","href":"https:\/\/api.w.org\/{rel}","templated":true}]}}